{"id":69,"date":"2015-04-01T15:32:54","date_gmt":"2015-04-01T15:32:54","guid":{"rendered":"http:\/\/localhost\/wordpress\/?page_id=2"},"modified":"2022-05-04T18:17:03","modified_gmt":"2022-05-04T17:17:03","slug":"sample-page","status":"publish","type":"page","link":"https:\/\/pcll.ac-dijon.fr\/pcll\/","title":{"rendered":"Accueil"},"content":{"rendered":"<div class=\"infoblock\">\n<div class=\"infoblock_co\">\n<div class=\"text \">\n<p style=\"text-align: center;\">Le p\u00f4le de comp\u00e9tences Logiciels Libres est l&rsquo;\u00e9diteur d&rsquo;une distribution GNU\/Linux nomm\u00e9e EOLE<\/p>\n<\/div>\n<\/div>\n<\/div>\n<p style=\"text-align: center;\"><a href=\"https:\/\/pcll.ac-dijon.fr\/eole\"><img loading=\"lazy\" decoding=\"async\" class=\" aligncenter wp-image-330\" src=\"https:\/\/pcll.ac-dijon.fr\/pcll\/wp-content\/uploads\/sites\/3\/2015\/07\/logoEolePt.png\" alt=\"logoEole\" width=\"240\" height=\"88\"><\/a><\/p>\n<p style=\"text-align: center;\">\n","protected":false},"excerpt":{"rendered":"<p>Le p\u00f4le de comp\u00e9tences Logiciels Libres est l&rsquo;\u00e9diteur d&rsquo;une distribution GNU\/Linux nomm\u00e9e EOLE<\/p>\n","protected":false},"author":1,"featured_media":0,"parent":0,"menu_order":0,"comment_status":"closed","ping_status":"open","template":"templates\/template-home.php","meta":{"_acf_changed":false,"footnotes":""},"class_list":["post-69","page","type-page","status-publish","hentry"],"acf":[],"yoast_head":"<!-- This site is optimized with the Yoast SEO plugin v27.1.1 - https:\/\/yoast.com\/product\/yoast-seo-wordpress\/ -->\n<title>Accueil - P\u00f4le Logiciels Libres<\/title>\n<meta name=\"robots\" content=\"index, follow, max-snippet:-1, max-image-preview:large, max-video-preview:-1\" \/>\n<link rel=\"canonical\" href=\"https:\/\/pcll.ac-dijon.fr\/pcll\/\" \/>\n<meta property=\"og:locale\" content=\"fr_FR\" \/>\n<meta property=\"og:type\" content=\"article\" \/>\n<meta property=\"og:title\" content=\"Accueil - P\u00f4le Logiciels Libres\" \/>\n<meta property=\"og:description\" content=\"Le p\u00f4le de comp\u00e9tences Logiciels Libres est l&rsquo;\u00e9diteur d&rsquo;une distribution GNU\/Linux nomm\u00e9e EOLE\" \/>\n<meta property=\"og:url\" content=\"https:\/\/pcll.ac-dijon.fr\/pcll\/\" \/>\n<meta property=\"og:site_name\" content=\"P\u00f4le Logiciels Libres\" \/>\n<meta property=\"article:modified_time\" content=\"2022-05-04T17:17:03+00:00\" \/>\n<meta name=\"twitter:card\" content=\"summary_large_image\" \/>\n<script type=\"application\/ld+json\" class=\"yoast-schema-graph\">{\"@context\":\"https:\/\/schema.org\",\"@graph\":[{\"@type\":\"WebPage\",\"@id\":\"https:\/\/pcll.ac-dijon.fr\/pcll\/\",\"url\":\"https:\/\/pcll.ac-dijon.fr\/pcll\/\",\"name\":\"Accueil - P\u00f4le Logiciels Libres\",\"isPartOf\":{\"@id\":\"https:\/\/pcll.ac-dijon.fr\/pcll\/#website\"},\"primaryImageOfPage\":{\"@id\":\"https:\/\/pcll.ac-dijon.fr\/pcll\/#primaryimage\"},\"image\":{\"@id\":\"https:\/\/pcll.ac-dijon.fr\/pcll\/#primaryimage\"},\"thumbnailUrl\":\"https:\/\/pcll.ac-dijon.fr\/pcll\/wp-content\/uploads\/sites\/3\/2015\/07\/logoEolePt.png\",\"datePublished\":\"2015-04-01T15:32:54+00:00\",\"dateModified\":\"2022-05-04T17:17:03+00:00\",\"breadcrumb\":{\"@id\":\"https:\/\/pcll.ac-dijon.fr\/pcll\/#breadcrumb\"},\"inLanguage\":\"fr-FR\",\"potentialAction\":[{\"@type\":\"ReadAction\",\"target\":[\"https:\/\/pcll.ac-dijon.fr\/pcll\/\"]}]},{\"@type\":\"ImageObject\",\"inLanguage\":\"fr-FR\",\"@id\":\"https:\/\/pcll.ac-dijon.fr\/pcll\/#primaryimage\",\"url\":\"https:\/\/pcll.ac-dijon.fr\/pcll\/wp-content\/uploads\/sites\/3\/2015\/07\/logoEolePt.png\",\"contentUrl\":\"https:\/\/pcll.ac-dijon.fr\/pcll\/wp-content\/uploads\/sites\/3\/2015\/07\/logoEolePt.png\",\"width\":150,\"height\":55},{\"@type\":\"BreadcrumbList\",\"@id\":\"https:\/\/pcll.ac-dijon.fr\/pcll\/#breadcrumb\",\"itemListElement\":[{\"@type\":\"ListItem\",\"position\":1,\"name\":\"Accueil\",\"item\":\"https:\/\/pcll.ac-dijon.fr\/pcll\/\"},{\"@type\":\"ListItem\",\"position\":2,\"name\":\"Accueil\"}]},{\"@type\":\"WebSite\",\"@id\":\"https:\/\/pcll.ac-dijon.fr\/pcll\/#website\",\"url\":\"https:\/\/pcll.ac-dijon.fr\/pcll\/\",\"name\":\"P\u00f4le Logiciels Libres\",\"description\":\"Ensemble Ouvert Libre Evolutif\",\"potentialAction\":[{\"@type\":\"SearchAction\",\"target\":{\"@type\":\"EntryPoint\",\"urlTemplate\":\"https:\/\/pcll.ac-dijon.fr\/pcll\/?s={search_term_string}\"},\"query-input\":{\"@type\":\"PropertyValueSpecification\",\"valueRequired\":true,\"valueName\":\"search_term_string\"}}],\"inLanguage\":\"fr-FR\"}]}<\/script>\n<!-- \/ Yoast SEO plugin. -->","yoast_head_json":{"title":"Accueil - P\u00f4le Logiciels Libres","robots":{"index":"index","follow":"follow","max-snippet":"max-snippet:-1","max-image-preview":"max-image-preview:large","max-video-preview":"max-video-preview:-1"},"canonical":"https:\/\/pcll.ac-dijon.fr\/pcll\/","og_locale":"fr_FR","og_type":"article","og_title":"Accueil - P\u00f4le Logiciels Libres","og_description":"Le p\u00f4le de comp\u00e9tences Logiciels Libres est l&rsquo;\u00e9diteur d&rsquo;une distribution GNU\/Linux nomm\u00e9e EOLE","og_url":"https:\/\/pcll.ac-dijon.fr\/pcll\/","og_site_name":"P\u00f4le Logiciels Libres","article_modified_time":"2022-05-04T17:17:03+00:00","twitter_card":"summary_large_image","schema":{"@context":"https:\/\/schema.org","@graph":[{"@type":"WebPage","@id":"https:\/\/pcll.ac-dijon.fr\/pcll\/","url":"https:\/\/pcll.ac-dijon.fr\/pcll\/","name":"Accueil - P\u00f4le Logiciels Libres","isPartOf":{"@id":"https:\/\/pcll.ac-dijon.fr\/pcll\/#website"},"primaryImageOfPage":{"@id":"https:\/\/pcll.ac-dijon.fr\/pcll\/#primaryimage"},"image":{"@id":"https:\/\/pcll.ac-dijon.fr\/pcll\/#primaryimage"},"thumbnailUrl":"https:\/\/pcll.ac-dijon.fr\/pcll\/wp-content\/uploads\/sites\/3\/2015\/07\/logoEolePt.png","datePublished":"2015-04-01T15:32:54+00:00","dateModified":"2022-05-04T17:17:03+00:00","breadcrumb":{"@id":"https:\/\/pcll.ac-dijon.fr\/pcll\/#breadcrumb"},"inLanguage":"fr-FR","potentialAction":[{"@type":"ReadAction","target":["https:\/\/pcll.ac-dijon.fr\/pcll\/"]}]},{"@type":"ImageObject","inLanguage":"fr-FR","@id":"https:\/\/pcll.ac-dijon.fr\/pcll\/#primaryimage","url":"https:\/\/pcll.ac-dijon.fr\/pcll\/wp-content\/uploads\/sites\/3\/2015\/07\/logoEolePt.png","contentUrl":"https:\/\/pcll.ac-dijon.fr\/pcll\/wp-content\/uploads\/sites\/3\/2015\/07\/logoEolePt.png","width":150,"height":55},{"@type":"BreadcrumbList","@id":"https:\/\/pcll.ac-dijon.fr\/pcll\/#breadcrumb","itemListElement":[{"@type":"ListItem","position":1,"name":"Accueil","item":"https:\/\/pcll.ac-dijon.fr\/pcll\/"},{"@type":"ListItem","position":2,"name":"Accueil"}]},{"@type":"WebSite","@id":"https:\/\/pcll.ac-dijon.fr\/pcll\/#website","url":"https:\/\/pcll.ac-dijon.fr\/pcll\/","name":"P\u00f4le Logiciels Libres","description":"Ensemble Ouvert Libre Evolutif","potentialAction":[{"@type":"SearchAction","target":{"@type":"EntryPoint","urlTemplate":"https:\/\/pcll.ac-dijon.fr\/pcll\/?s={search_term_string}"},"query-input":{"@type":"PropertyValueSpecification","valueRequired":true,"valueName":"search_term_string"}}],"inLanguage":"fr-FR"}]}},"_links":{"self":[{"href":"https:\/\/pcll.ac-dijon.fr\/pcll\/wp-json\/wp\/v2\/pages\/69","targetHints":{"allow":["GET"]}}],"collection":[{"href":"https:\/\/pcll.ac-dijon.fr\/pcll\/wp-json\/wp\/v2\/pages"}],"about":[{"href":"https:\/\/pcll.ac-dijon.fr\/pcll\/wp-json\/wp\/v2\/types\/page"}],"author":[{"embeddable":true,"href":"https:\/\/pcll.ac-dijon.fr\/pcll\/wp-json\/wp\/v2\/users\/1"}],"replies":[{"embeddable":true,"href":"https:\/\/pcll.ac-dijon.fr\/pcll\/wp-json\/wp\/v2\/comments?post=69"}],"version-history":[{"count":7,"href":"https:\/\/pcll.ac-dijon.fr\/pcll\/wp-json\/wp\/v2\/pages\/69\/revisions"}],"predecessor-version":[{"id":1018,"href":"https:\/\/pcll.ac-dijon.fr\/pcll\/wp-json\/wp\/v2\/pages\/69\/revisions\/1018"}],"wp:attachment":[{"href":"https:\/\/pcll.ac-dijon.fr\/pcll\/wp-json\/wp\/v2\/media?parent=69"}],"curies":[{"name":"wp","href":"https:\/\/api.w.org\/{rel}","templated":true}]}}