{"id":681,"date":"2015-07-03T15:16:37","date_gmt":"2015-07-03T14:16:37","guid":{"rendered":"http:\/\/pcll.ac-dijon.fr\/eole\/?page_id=681"},"modified":"2026-02-23T10:19:28","modified_gmt":"2026-02-23T09:19:28","slug":"carte-du-deploiement","status":"publish","type":"page","link":"https:\/\/pcll.ac-dijon.fr\/eole\/carte-du-deploiement\/","title":{"rendered":"Carte du d\u00e9ploiement (serveurs actifs de l&rsquo;\u00e9ducation)"},"content":{"rendered":"<p style=\"text-align: right\">Seul les serveurs d&rsquo;\u00e9tablissements geo-localis\u00e9s sont affich\u00e9s.<\/p>\n<p style=\"text-align: right\">Les donn\u00e9es sont mises \u00e0 jour quotidiennement.<\/p>\n<p style=\"text-align: right\">Les donn\u00e9es \u00e9tablissement sont issues de l&rsquo;<a href=\"https:\/\/data.education.gouv.fr\/explore\/dataset\/fr-en-adresse-et-geolocalisation-etablissements-premier-et-second-degre\">OpenData \u00e9tablissement<\/a>.<\/p>\n<p style=\"text-align: right\">Soyez patient, ~14 000 serveurs \u00e0 localiser&#8230; le chargement est un peu long \ud83d\ude09<\/p>\n<p><a href=\"http:\/\/bp-eole.ac-dijon.fr\/mapeole\/\" target=\"_blank\" rel=\"noopener noreferrer\">Afficher dans un nouvel onglet<\/a><\/p>\n\n<!-- iframe plugin v.6.0 wordpress.org\/plugins\/iframe\/ -->\n<iframe loading=\"lazy\" src=\"https:\/\/bp-eole.ac-dijon.fr\/mapeole\" width=\"100%\" height=\"800px\" scrolling=\"yes\" class=\"iframe-class\" frameborder=\"0\"><\/iframe>\n\n<blockquote class=\"wp-embedded-content\" data-secret=\"VS4rgbDovo\"><p><a href=\"https:\/\/pcll.ac-dijon.fr\/eole\/services\/statistiques-de-deploiement\/\">Statistiques de d\u00e9ploiement<\/a><\/p><\/blockquote>\n<p><iframe loading=\"lazy\" class=\"wp-embedded-content\" sandbox=\"allow-scripts\" security=\"restricted\" style=\"position: absolute; visibility: hidden;\" title=\"\u00ab\u00a0Statistiques de d\u00e9ploiement\u00a0\u00bb &#8212; EOLE\" src=\"https:\/\/pcll.ac-dijon.fr\/eole\/services\/statistiques-de-deploiement\/embed\/#?secret=VfcQwoI8b1#?secret=VS4rgbDovo\" data-secret=\"VS4rgbDovo\" width=\"600\" height=\"338\" frameborder=\"0\" marginwidth=\"0\" marginheight=\"0\" scrolling=\"no\"><\/iframe><\/p>\n<p style=\"text-align: center\">\n","protected":false},"excerpt":{"rendered":"<p>Seul les serveurs d&rsquo;\u00e9tablissements geo-localis\u00e9s sont affich\u00e9s. Les donn\u00e9es sont mises \u00e0 jour quotidiennement. Les donn\u00e9es \u00e9tablissement sont issues de l&rsquo;OpenData \u00e9tablissement. Soyez patient, ~14 000 serveurs \u00e0 localiser&#8230; le chargement est un peu long \ud83d\ude09 Afficher dans un nouvel onglet Statistiques de d\u00e9ploiement<\/p>\n","protected":false},"author":8,"featured_media":0,"parent":0,"menu_order":0,"comment_status":"closed","ping_status":"closed","template":"templates\/template-fullwidth.php","meta":{"_acf_changed":false,"footnotes":""},"class_list":["post-681","page","type-page","status-publish","hentry"],"acf":[],"yoast_head":"<!-- This site is optimized with the Yoast SEO plugin v27.1.1 - https:\/\/yoast.com\/product\/yoast-seo-wordpress\/ -->\n<title>Carte du d\u00e9ploiement (serveurs actifs de l&#039;\u00e9ducation) - EOLE<\/title>\n<meta name=\"robots\" content=\"index, follow, max-snippet:-1, max-image-preview:large, max-video-preview:-1\" \/>\n<link rel=\"canonical\" href=\"https:\/\/pcll.ac-dijon.fr\/eole\/carte-du-deploiement\/\" \/>\n<meta property=\"og:locale\" content=\"fr_FR\" \/>\n<meta property=\"og:type\" content=\"article\" \/>\n<meta property=\"og:title\" content=\"Carte du d\u00e9ploiement (serveurs actifs de l&#039;\u00e9ducation) - EOLE\" \/>\n<meta property=\"og:description\" content=\"Seul les serveurs d&rsquo;\u00e9tablissements geo-localis\u00e9s sont affich\u00e9s. Les donn\u00e9es sont mises \u00e0 jour quotidiennement. Les donn\u00e9es \u00e9tablissement sont issues de l&rsquo;OpenData \u00e9tablissement. Soyez patient, ~14 000 serveurs \u00e0 localiser&#8230; le chargement est un peu long \ud83d\ude09 Afficher dans un nouvel onglet Statistiques de d\u00e9ploiement\" \/>\n<meta property=\"og:url\" content=\"https:\/\/pcll.ac-dijon.fr\/eole\/carte-du-deploiement\/\" \/>\n<meta property=\"og:site_name\" content=\"EOLE\" \/>\n<meta property=\"article:modified_time\" content=\"2026-02-23T09:19:28+00:00\" \/>\n<meta name=\"twitter:card\" content=\"summary_large_image\" \/>\n<meta name=\"twitter:site\" content=\"@PoleEole\" \/>\n<meta name=\"twitter:label1\" content=\"Dur\u00e9e de lecture estim\u00e9e\" \/>\n\t<meta name=\"twitter:data1\" content=\"1 minute\" \/>\n<script type=\"application\/ld+json\" class=\"yoast-schema-graph\">{\"@context\":\"https:\/\/schema.org\",\"@graph\":[{\"@type\":\"WebPage\",\"@id\":\"https:\/\/pcll.ac-dijon.fr\/eole\/carte-du-deploiement\/\",\"url\":\"https:\/\/pcll.ac-dijon.fr\/eole\/carte-du-deploiement\/\",\"name\":\"Carte du d\u00e9ploiement (serveurs actifs de l'\u00e9ducation) - EOLE\",\"isPartOf\":{\"@id\":\"https:\/\/pcll.ac-dijon.fr\/eole\/#website\"},\"datePublished\":\"2015-07-03T14:16:37+00:00\",\"dateModified\":\"2026-02-23T09:19:28+00:00\",\"breadcrumb\":{\"@id\":\"https:\/\/pcll.ac-dijon.fr\/eole\/carte-du-deploiement\/#breadcrumb\"},\"inLanguage\":\"fr-FR\",\"potentialAction\":[{\"@type\":\"ReadAction\",\"target\":[\"https:\/\/pcll.ac-dijon.fr\/eole\/carte-du-deploiement\/\"]}]},{\"@type\":\"BreadcrumbList\",\"@id\":\"https:\/\/pcll.ac-dijon.fr\/eole\/carte-du-deploiement\/#breadcrumb\",\"itemListElement\":[{\"@type\":\"ListItem\",\"position\":1,\"name\":\"Accueil\",\"item\":\"https:\/\/pcll.ac-dijon.fr\/eole\/\"},{\"@type\":\"ListItem\",\"position\":2,\"name\":\"Carte du d\u00e9ploiement (serveurs actifs de l&rsquo;\u00e9ducation)\"}]},{\"@type\":\"WebSite\",\"@id\":\"https:\/\/pcll.ac-dijon.fr\/eole\/#website\",\"url\":\"https:\/\/pcll.ac-dijon.fr\/eole\/\",\"name\":\"EOLE\",\"description\":\"Ensemble Ouvert Libre Evolutif\",\"potentialAction\":[{\"@type\":\"SearchAction\",\"target\":{\"@type\":\"EntryPoint\",\"urlTemplate\":\"https:\/\/pcll.ac-dijon.fr\/eole\/?s={search_term_string}\"},\"query-input\":{\"@type\":\"PropertyValueSpecification\",\"valueRequired\":true,\"valueName\":\"search_term_string\"}}],\"inLanguage\":\"fr-FR\"}]}<\/script>\n<!-- \/ Yoast SEO plugin. -->","yoast_head_json":{"title":"Carte du d\u00e9ploiement (serveurs actifs de l'\u00e9ducation) - EOLE","robots":{"index":"index","follow":"follow","max-snippet":"max-snippet:-1","max-image-preview":"max-image-preview:large","max-video-preview":"max-video-preview:-1"},"canonical":"https:\/\/pcll.ac-dijon.fr\/eole\/carte-du-deploiement\/","og_locale":"fr_FR","og_type":"article","og_title":"Carte du d\u00e9ploiement (serveurs actifs de l'\u00e9ducation) - EOLE","og_description":"Seul les serveurs d&rsquo;\u00e9tablissements geo-localis\u00e9s sont affich\u00e9s. Les donn\u00e9es sont mises \u00e0 jour quotidiennement. Les donn\u00e9es \u00e9tablissement sont issues de l&rsquo;OpenData \u00e9tablissement. Soyez patient, ~14 000 serveurs \u00e0 localiser&#8230; le chargement est un peu long \ud83d\ude09 Afficher dans un nouvel onglet Statistiques de d\u00e9ploiement","og_url":"https:\/\/pcll.ac-dijon.fr\/eole\/carte-du-deploiement\/","og_site_name":"EOLE","article_modified_time":"2026-02-23T09:19:28+00:00","twitter_card":"summary_large_image","twitter_site":"@PoleEole","twitter_misc":{"Dur\u00e9e de lecture estim\u00e9e":"1 minute"},"schema":{"@context":"https:\/\/schema.org","@graph":[{"@type":"WebPage","@id":"https:\/\/pcll.ac-dijon.fr\/eole\/carte-du-deploiement\/","url":"https:\/\/pcll.ac-dijon.fr\/eole\/carte-du-deploiement\/","name":"Carte du d\u00e9ploiement (serveurs actifs de l'\u00e9ducation) - EOLE","isPartOf":{"@id":"https:\/\/pcll.ac-dijon.fr\/eole\/#website"},"datePublished":"2015-07-03T14:16:37+00:00","dateModified":"2026-02-23T09:19:28+00:00","breadcrumb":{"@id":"https:\/\/pcll.ac-dijon.fr\/eole\/carte-du-deploiement\/#breadcrumb"},"inLanguage":"fr-FR","potentialAction":[{"@type":"ReadAction","target":["https:\/\/pcll.ac-dijon.fr\/eole\/carte-du-deploiement\/"]}]},{"@type":"BreadcrumbList","@id":"https:\/\/pcll.ac-dijon.fr\/eole\/carte-du-deploiement\/#breadcrumb","itemListElement":[{"@type":"ListItem","position":1,"name":"Accueil","item":"https:\/\/pcll.ac-dijon.fr\/eole\/"},{"@type":"ListItem","position":2,"name":"Carte du d\u00e9ploiement (serveurs actifs de l&rsquo;\u00e9ducation)"}]},{"@type":"WebSite","@id":"https:\/\/pcll.ac-dijon.fr\/eole\/#website","url":"https:\/\/pcll.ac-dijon.fr\/eole\/","name":"EOLE","description":"Ensemble Ouvert Libre Evolutif","potentialAction":[{"@type":"SearchAction","target":{"@type":"EntryPoint","urlTemplate":"https:\/\/pcll.ac-dijon.fr\/eole\/?s={search_term_string}"},"query-input":{"@type":"PropertyValueSpecification","valueRequired":true,"valueName":"search_term_string"}}],"inLanguage":"fr-FR"}]}},"_links":{"self":[{"href":"https:\/\/pcll.ac-dijon.fr\/eole\/wp-json\/wp\/v2\/pages\/681","targetHints":{"allow":["GET"]}}],"collection":[{"href":"https:\/\/pcll.ac-dijon.fr\/eole\/wp-json\/wp\/v2\/pages"}],"about":[{"href":"https:\/\/pcll.ac-dijon.fr\/eole\/wp-json\/wp\/v2\/types\/page"}],"author":[{"embeddable":true,"href":"https:\/\/pcll.ac-dijon.fr\/eole\/wp-json\/wp\/v2\/users\/8"}],"replies":[{"embeddable":true,"href":"https:\/\/pcll.ac-dijon.fr\/eole\/wp-json\/wp\/v2\/comments?post=681"}],"version-history":[{"count":53,"href":"https:\/\/pcll.ac-dijon.fr\/eole\/wp-json\/wp\/v2\/pages\/681\/revisions"}],"predecessor-version":[{"id":4360,"href":"https:\/\/pcll.ac-dijon.fr\/eole\/wp-json\/wp\/v2\/pages\/681\/revisions\/4360"}],"wp:attachment":[{"href":"https:\/\/pcll.ac-dijon.fr\/eole\/wp-json\/wp\/v2\/media?parent=681"}],"curies":[{"name":"wp","href":"https:\/\/api.w.org\/{rel}","templated":true}]}}