{"id":53,"date":"2015-04-22T14:59:57","date_gmt":"2015-04-22T13:59:57","guid":{"rendered":"https:\/\/platon.ac-dijon.fr\/wordpress\/?page_id=53"},"modified":"2015-07-10T14:44:02","modified_gmt":"2015-07-10T13:44:02","slug":"presgen","status":"publish","type":"page","link":"https:\/\/pcll.ac-dijon.fr\/eole\/presgen\/","title":{"rendered":"G\u00e9n\u00e9ralit\u00e9s"},"content":{"rendered":"<p>Eole est une distribution GNU\/Linuxfrancophone avec une licence libre adapt\u00e9e au droit fran\u00e7ais <a href=\"http:\/\/www.cecill.info\/\">CECILL<\/a> pour les applications r\u00e9alis\u00e9es par le p\u00f4le de comp\u00e9tence. L\u2019ensemble reste sous licence<a href=\"http:\/\/fr.wikipedia.org\/wiki\/Licence_publique_g%C3%A9n%C3%A9rale_GNU\"> GPL<\/a> comme \u00e9crit dans l\u2019article 5.3.4 de la licence Cecill (COMPATIBILITE AVEC LA LICENCE GNU GPL). Le code est ouvert, utilisable, modifiable et redistribuable par tous (y compris Hors \u00c9ducation).\u00a0 La documentation est plac\u00e9e sous licence <a href=\"http:\/\/fr.creativecommons.org\/contrats.htm\">Creative Common<\/a>.<\/p>\n<p>Pour nous, la technique n\u2019est pas un but mais un moyen au service d\u2019un projet. Utiliser et cr\u00e9er des logiciels libres c\u2019est avant tout l\u2019expression d\u2019une vision g\u00e9n\u00e9reuse au service de tous. Les d\u00e9veloppements informatiques ne sont pay\u00e9s qu\u2019une fois, ensuite la redistribution est gratuite. Ainsi les co\u00fbts diminuent avec l\u2019augmentation du nombre d\u2019utilisateurs \u00e0 l\u2019inverse des logiciels sous licences propri\u00e9taires.<\/p>\n<p>Ces r\u00e9alisations s\u2019ins\u00e8rent dans le cadre de r\u00e9flexions et de recommandations d\u2019un certain nombre de structures et d\u2019organismes minist\u00e9riels favorables \u00e0 l\u2019usage des logiciels libres dans l\u2019administration.\u00a0 EOLE est recommand\u00e9 dans le Socle Inter-Minist\u00e9riel Logiciels Libres &#8211;<a href=\"http:\/\/pcll.ac-dijon.fr\/mim\" target=\"_blank\"> SILL<\/a><br \/>\n<div class=\"symple-box gray center\" style=\"text-align:left;\">\n<p><strong>EOLE r\u00e9pond aux objectifs suivants :<\/strong><\/p>\n<ul>\n<li>Respect des contraintes l\u00e9gales (Propri\u00e9t\u00e9 intellectuelle, Droit des Personnes et des Enfants).<\/li>\n<li>R\u00e9alisation modulaire, donc \u00e9volutive et ouverte sur les standards du march\u00e9.<\/li>\n<li>Facilit\u00e9 de mise en \u0153uvre et de d\u00e9ploiement.<\/li>\n<li>Administration \u00e0 distance.<\/li>\n<li>Services mutualis\u00e9s.<\/li>\n<\/ul>\n<\/div>\n<div class=\"symple-column symple-three-fifth symple-column-middle  \">\n<p>\t<strong>Nos valeurs:<\/strong><\/p>\n<ul>\n<li><strong>Cr\u00e9ativit\u00e9 :<\/strong> Inventer pour devenir acteur du changement et non le subir.<\/li>\n<li><strong>Qualit\u00e9: <\/strong>Pour rendre cr\u00e9dible l\u2019innovation, nous livrons des solutions informatiques op\u00e9rationnelles et simples \u00e0 d\u00e9ployer.<\/li>\n<li><strong>Agilit\u00e9:\u00a0 <\/strong>La construction collective cr\u00e9e la pertinence des solutions<\/li>\n<li><strong>Adaptabilit\u00e9:<\/strong> L&rsquo; informatisation ne sert \u00e0 rien si elle n\u2019est pas au service de l\u2019individu et\/ou de l\u2019organisation.<\/li>\n<\/ul>\n<\/div><strong>Notre engagement: <\/strong>Tous nos d\u00e9veloppements sont libres. Ils sont mis \u00e0 la disposition de tous. L\u2019argent public est donc utilis\u00e9 pour cr\u00e9er du bien collectif et participer ainsi \u00e0 l\u2019optimisation des d\u00e9penses.<\/p>\n<p><strong>La m\u00e9thode: <\/strong>L\u2019\u00e9quipe d\u2019int\u00e9gration et de d\u00e9veloppement Eole, travaille selon les principes des methodes Agiles (SCRUM) ,\u00a0 et de ce fait privil\u00e9gie l\u2019adaptabilit\u00e9 plut\u00f4t qu\u2019une volont\u00e9 de pr\u00e9visions exhaustives.<\/p>\n<p>&nbsp;<\/p>\n<p>&nbsp;<\/p>\n","protected":false},"excerpt":{"rendered":"<p>Eole est une distribution GNU\/Linuxfrancophone avec une licence libre adapt\u00e9e au droit fran\u00e7ais CECILL pour les applications r\u00e9alis\u00e9es par le p\u00f4le de comp\u00e9tence. L\u2019ensemble reste sous licence GPL comme \u00e9crit dans l\u2019article 5.3.4 de la licence Cecill (COMPATIBILITE AVEC LA LICENCE GNU GPL). Le code est ouvert, utilisable, modifiable et redistribuable par tous (y compris [&hellip;]<\/p>\n","protected":false},"author":1,"featured_media":0,"parent":0,"menu_order":0,"comment_status":"closed","ping_status":"open","template":"templates\/template-fullwidth.php","meta":{"_acf_changed":false,"footnotes":""},"class_list":["post-53","page","type-page","status-publish","hentry"],"acf":[],"yoast_head":"<!-- This site is optimized with the Yoast SEO plugin v27.1.1 - https:\/\/yoast.com\/product\/yoast-seo-wordpress\/ -->\n<title>G\u00e9n\u00e9ralit\u00e9s - EOLE<\/title>\n<meta name=\"robots\" content=\"index, follow, max-snippet:-1, max-image-preview:large, max-video-preview:-1\" \/>\n<link rel=\"canonical\" href=\"https:\/\/pcll.ac-dijon.fr\/eole\/presgen\/\" \/>\n<meta property=\"og:locale\" content=\"fr_FR\" \/>\n<meta property=\"og:type\" content=\"article\" \/>\n<meta property=\"og:title\" content=\"G\u00e9n\u00e9ralit\u00e9s - EOLE\" \/>\n<meta property=\"og:description\" content=\"Eole est une distribution GNU\/Linuxfrancophone avec une licence libre adapt\u00e9e au droit fran\u00e7ais CECILL pour les applications r\u00e9alis\u00e9es par le p\u00f4le de comp\u00e9tence. L\u2019ensemble reste sous licence GPL comme \u00e9crit dans l\u2019article 5.3.4 de la licence Cecill (COMPATIBILITE AVEC LA LICENCE GNU GPL). Le code est ouvert, utilisable, modifiable et redistribuable par tous (y compris [&hellip;]\" \/>\n<meta property=\"og:url\" content=\"https:\/\/pcll.ac-dijon.fr\/eole\/presgen\/\" \/>\n<meta property=\"og:site_name\" content=\"EOLE\" \/>\n<meta property=\"article:modified_time\" content=\"2015-07-10T13:44:02+00:00\" \/>\n<meta name=\"twitter:card\" content=\"summary_large_image\" \/>\n<meta name=\"twitter:site\" content=\"@PoleEole\" \/>\n<meta name=\"twitter:label1\" content=\"Dur\u00e9e de lecture estim\u00e9e\" \/>\n\t<meta name=\"twitter:data1\" content=\"2 minutes\" \/>\n<script type=\"application\/ld+json\" class=\"yoast-schema-graph\">{\"@context\":\"https:\/\/schema.org\",\"@graph\":[{\"@type\":\"WebPage\",\"@id\":\"https:\/\/pcll.ac-dijon.fr\/eole\/presgen\/\",\"url\":\"https:\/\/pcll.ac-dijon.fr\/eole\/presgen\/\",\"name\":\"G\u00e9n\u00e9ralit\u00e9s - EOLE\",\"isPartOf\":{\"@id\":\"https:\/\/pcll.ac-dijon.fr\/eole\/#website\"},\"datePublished\":\"2015-04-22T13:59:57+00:00\",\"dateModified\":\"2015-07-10T13:44:02+00:00\",\"breadcrumb\":{\"@id\":\"https:\/\/pcll.ac-dijon.fr\/eole\/presgen\/#breadcrumb\"},\"inLanguage\":\"fr-FR\",\"potentialAction\":[{\"@type\":\"ReadAction\",\"target\":[\"https:\/\/pcll.ac-dijon.fr\/eole\/presgen\/\"]}]},{\"@type\":\"BreadcrumbList\",\"@id\":\"https:\/\/pcll.ac-dijon.fr\/eole\/presgen\/#breadcrumb\",\"itemListElement\":[{\"@type\":\"ListItem\",\"position\":1,\"name\":\"Accueil\",\"item\":\"https:\/\/pcll.ac-dijon.fr\/eole\/\"},{\"@type\":\"ListItem\",\"position\":2,\"name\":\"G\u00e9n\u00e9ralit\u00e9s\"}]},{\"@type\":\"WebSite\",\"@id\":\"https:\/\/pcll.ac-dijon.fr\/eole\/#website\",\"url\":\"https:\/\/pcll.ac-dijon.fr\/eole\/\",\"name\":\"EOLE\",\"description\":\"Ensemble Ouvert Libre Evolutif\",\"potentialAction\":[{\"@type\":\"SearchAction\",\"target\":{\"@type\":\"EntryPoint\",\"urlTemplate\":\"https:\/\/pcll.ac-dijon.fr\/eole\/?s={search_term_string}\"},\"query-input\":{\"@type\":\"PropertyValueSpecification\",\"valueRequired\":true,\"valueName\":\"search_term_string\"}}],\"inLanguage\":\"fr-FR\"}]}<\/script>\n<!-- \/ Yoast SEO plugin. -->","yoast_head_json":{"title":"G\u00e9n\u00e9ralit\u00e9s - EOLE","robots":{"index":"index","follow":"follow","max-snippet":"max-snippet:-1","max-image-preview":"max-image-preview:large","max-video-preview":"max-video-preview:-1"},"canonical":"https:\/\/pcll.ac-dijon.fr\/eole\/presgen\/","og_locale":"fr_FR","og_type":"article","og_title":"G\u00e9n\u00e9ralit\u00e9s - EOLE","og_description":"Eole est une distribution GNU\/Linuxfrancophone avec une licence libre adapt\u00e9e au droit fran\u00e7ais CECILL pour les applications r\u00e9alis\u00e9es par le p\u00f4le de comp\u00e9tence. L\u2019ensemble reste sous licence GPL comme \u00e9crit dans l\u2019article 5.3.4 de la licence Cecill (COMPATIBILITE AVEC LA LICENCE GNU GPL). Le code est ouvert, utilisable, modifiable et redistribuable par tous (y compris [&hellip;]","og_url":"https:\/\/pcll.ac-dijon.fr\/eole\/presgen\/","og_site_name":"EOLE","article_modified_time":"2015-07-10T13:44:02+00:00","twitter_card":"summary_large_image","twitter_site":"@PoleEole","twitter_misc":{"Dur\u00e9e de lecture estim\u00e9e":"2 minutes"},"schema":{"@context":"https:\/\/schema.org","@graph":[{"@type":"WebPage","@id":"https:\/\/pcll.ac-dijon.fr\/eole\/presgen\/","url":"https:\/\/pcll.ac-dijon.fr\/eole\/presgen\/","name":"G\u00e9n\u00e9ralit\u00e9s - EOLE","isPartOf":{"@id":"https:\/\/pcll.ac-dijon.fr\/eole\/#website"},"datePublished":"2015-04-22T13:59:57+00:00","dateModified":"2015-07-10T13:44:02+00:00","breadcrumb":{"@id":"https:\/\/pcll.ac-dijon.fr\/eole\/presgen\/#breadcrumb"},"inLanguage":"fr-FR","potentialAction":[{"@type":"ReadAction","target":["https:\/\/pcll.ac-dijon.fr\/eole\/presgen\/"]}]},{"@type":"BreadcrumbList","@id":"https:\/\/pcll.ac-dijon.fr\/eole\/presgen\/#breadcrumb","itemListElement":[{"@type":"ListItem","position":1,"name":"Accueil","item":"https:\/\/pcll.ac-dijon.fr\/eole\/"},{"@type":"ListItem","position":2,"name":"G\u00e9n\u00e9ralit\u00e9s"}]},{"@type":"WebSite","@id":"https:\/\/pcll.ac-dijon.fr\/eole\/#website","url":"https:\/\/pcll.ac-dijon.fr\/eole\/","name":"EOLE","description":"Ensemble Ouvert Libre Evolutif","potentialAction":[{"@type":"SearchAction","target":{"@type":"EntryPoint","urlTemplate":"https:\/\/pcll.ac-dijon.fr\/eole\/?s={search_term_string}"},"query-input":{"@type":"PropertyValueSpecification","valueRequired":true,"valueName":"search_term_string"}}],"inLanguage":"fr-FR"}]}},"_links":{"self":[{"href":"https:\/\/pcll.ac-dijon.fr\/eole\/wp-json\/wp\/v2\/pages\/53","targetHints":{"allow":["GET"]}}],"collection":[{"href":"https:\/\/pcll.ac-dijon.fr\/eole\/wp-json\/wp\/v2\/pages"}],"about":[{"href":"https:\/\/pcll.ac-dijon.fr\/eole\/wp-json\/wp\/v2\/types\/page"}],"author":[{"embeddable":true,"href":"https:\/\/pcll.ac-dijon.fr\/eole\/wp-json\/wp\/v2\/users\/1"}],"replies":[{"embeddable":true,"href":"https:\/\/pcll.ac-dijon.fr\/eole\/wp-json\/wp\/v2\/comments?post=53"}],"version-history":[{"count":10,"href":"https:\/\/pcll.ac-dijon.fr\/eole\/wp-json\/wp\/v2\/pages\/53\/revisions"}],"predecessor-version":[{"id":514,"href":"https:\/\/pcll.ac-dijon.fr\/eole\/wp-json\/wp\/v2\/pages\/53\/revisions\/514"}],"wp:attachment":[{"href":"https:\/\/pcll.ac-dijon.fr\/eole\/wp-json\/wp\/v2\/media?parent=53"}],"curies":[{"name":"wp","href":"https:\/\/api.w.org\/{rel}","templated":true}]}}