{"id":44,"date":"2015-04-27T09:49:51","date_gmt":"2015-04-27T09:49:51","guid":{"rendered":"http:\/\/localhost\/wordpress\/?page_id=44"},"modified":"2021-12-01T13:48:02","modified_gmt":"2021-12-01T12:48:02","slug":"distribution","status":"publish","type":"page","link":"https:\/\/pcll.ac-dijon.fr\/eole\/distribution\/","title":{"rendered":"Guide rapide"},"content":{"rendered":"<div class=\"part \">\n<h3 class=\"part_ti\">T\u00e9l\u00e9chargement<\/h3>\n<div class=\"part_co \">\n<div class=\"infoblock\">\n<div class=\"infoblock_co\">\n<div class=\"text \">\n<p class=\"txt_p \">T\u00e9l\u00e9charger l&rsquo;image ISO \u00e0 l&rsquo;adresse\u00a0: <a class=\"txt_url_ul \" title=\"http:\/\/eole.ac-dijon.fr\/pub\/iso\/ (nouvelle fen\u00eatre)\" href=\"http:\/\/eole.ac-dijon.fr\/pub\/iso\/\" target=\"_blank\" rel=\"noopener noreferrer\">http:\/\/eole.ac-dijon.fr\/pub\/iso\/<\/a><\/p>\n<p class=\"txt_p \">Choisir le r\u00e9pertoire portant le nom de la version la plus r\u00e9cente (Eole-2.x), une fois dans le r\u00e9pertoire il faut choisir la sous version la plus r\u00e9cente.<\/p>\n<p class=\"txt_p \">Il faut t\u00e9l\u00e9charger l&rsquo;image ISO sp\u00e9cifique \u00e0 l&rsquo;architecture de la machine\u00a0: i386 ou amd64 (conseill\u00e9).<\/p>\n<\/div>\n<\/div>\n<\/div>\n<\/div>\n<\/div>\n<div class=\"part \">\n<h3 class=\"part_ti\">V\u00e9rification de l&rsquo;int\u00e9grit\u00e9 de l&rsquo;image ISO<\/h3>\n<div class=\"part_co \">\n<div class=\"infoblock\">\n<div class=\"infoblock_co\">\n<div class=\"text \">\n<p class=\"txt_p \">Il faut t\u00e9l\u00e9charger \u00e9galement le fichier MD5SUMS pour v\u00e9rifier l&rsquo;int\u00e9grit\u00e9 de l&rsquo;image apr\u00e8s le t\u00e9l\u00e9chargement.<\/p>\n<p class=\"txt_p \">L&rsquo;image et le fichier MD5 sont \u00e0 mettre dans le m\u00eame r\u00e9pertoire. La commande suivante doit renvoyer OK\u00a0:<\/p>\n<p class=\"txt_p \"><code class=\"txt_label_tl \"> md5sum -c MD5SUMS eole-2.4-alternate-i386.iso<\/code><\/p>\n<\/div>\n<\/div>\n<\/div>\n<\/div>\n<\/div>\n<div class=\"part \">\n<h3 class=\"part_ti\">Mise en \u0153uvre<\/h3>\n<div class=\"part_co \">\n<div class=\"infoblock\">\n<div class=\"infoblock_co\">\n<div class=\"text \">\n<p class=\"txt_p \">La mise en \u0153uvre d&rsquo;un module EOLE s&rsquo;effectue en quatre phases distinctes.<\/p>\n<div class=\"txt_fig_ex \">\n<div class=\"caption png\">\n<div class=\"caption_co \"><a class=\"imgZoom\" title=\"Cliquez pour agrandir\" href=\"http:\/\/eole.ac-dijon.fr\/documentations\/2.8\/completes\/HTML\/GuideRapideEOLE\/co\/10-guide.html\"><img loading=\"lazy\" decoding=\"async\" class=\"alignnone\" src=\"http:\/\/eole.ac-dijon.fr\/documentations\/2.4\/partielles\/HTML\/GuideRapideEOLE\/res\/0-filrougeExplication_1.png\" alt=\"Fil rouge de la mise en \u0153uvre\" width=\"630\" height=\"171\" \/><\/a><\/div>\n<\/div>\n<\/div>\n<\/div>\n<\/div>\n<\/div>\n<\/div>\n<\/div>\n<div class=\"part \">\n<h3 class=\"part_ti\">Installation<\/h3>\n<div class=\"part_co \">\n<div class=\"infoblock\">\n<div class=\"infoblock_co\">\n<div class=\"text \">\n<p class=\"txt_p \">Diff\u00e9rents types de m\u00e9dia sont utilisables pour installer les modules.<\/p>\n<\/div>\n<\/div>\n<\/div>\n<div class=\"infoblock\">\n<h4 class=\"infoblock_ti\">CD-ROM<\/h4>\n<div class=\"infoblock_co\">\n<div class=\"text \">\n<ol class=\"txt_ol \">\n<li class=\"txt_oli \">\n<p class=\"txt_p \">graver l&rsquo;image ISO pr\u00e9alablement t\u00e9l\u00e9charg\u00e9e ;<\/p>\n<\/li>\n<li class=\"txt_oli \">\n<p class=\"txt_p \">d\u00e9marrer le serveur cible sur le CD-ROM.<\/p>\n<\/li>\n<\/ol>\n<\/div>\n<\/div>\n<\/div>\n<div class=\"infoblock\">\n<h4 class=\"infoblock_ti\">Cl\u00e9 USB<\/h4>\n<div class=\"infoblock_co\">\n<div class=\"text \">\n<p class=\"txt_p \">Pour cr\u00e9er une cl\u00e9 USB bootable depuis une distribution GNU\/Linux\u00a0;<\/p>\n<ol class=\"txt_ol \">\n<li class=\"txt_oli \">\n<p class=\"txt_p \">ouvrir un terminal\u00a0en super utilisateur ;<\/p>\n<\/li>\n<li class=\"txt_oli \">\n<p class=\"txt_p \">ins\u00e9rer une cl\u00e9 USB, rep\u00e9rer le nom du p\u00e9riph\u00e9rique (exemple\u00a0: <code class=\"txt_filePath_tl \">\/dev\/sdx<\/code>) et d\u00e9monter le support (<kbd class=\"txt_cmd_tl \">umount \/dev\/sdxy<\/kbd>);<\/p>\n<\/li>\n<li class=\"txt_oli \">\n<p class=\"txt_p \">se placer dans le r\u00e9pertoire contenant l&rsquo;image ISO\u00a0pr\u00e9alablement t\u00e9l\u00e9charg\u00e9e ;<\/p>\n<\/li>\n<li class=\"txt_oli \">\n<p class=\"txt_p \"><kbd class=\"txt_cmd_tl \"># dd if=eole-2.x.x-alternate-amd64.iso of=\/dev\/sdx<\/kbd> ( Attention: les donn\u00e9es sur la cl\u00e9 seront perdues\u00a0!)\u00a0;<\/p>\n<\/li>\n<li class=\"txt_oli \">\n<p class=\"txt_p \">d\u00e9marrer le serveur cible sur la cl\u00e9 USB.<\/p>\n<\/li>\n<\/ol>\n<\/div>\n<\/div>\n<\/div>\n<div class=\"warning block block_no_ti\">\n<div class=\"warning_co block_co\">\n<div class=\"part \">\n<div class=\"part_co \">\n<div class=\"infoblock\">\n<h4 class=\"infoblock_ti\">D\u00e9marrage (boot)<\/h4>\n<div class=\"infoblock_co\">\n<div class=\"text \">\n<p class=\"txt_p \">Au d\u00e9marrage, choisir le module \u00e0 installer parmi ceux disponibles.<\/p>\n<div class=\"txt_fig_ex \">\n<div class=\"caption png\">\n<div class=\"caption_co \"><img loading=\"lazy\" decoding=\"async\" src=\"http:\/\/eole.ac-dijon.fr\/documentations\/2.4\/partielles\/HTML\/GuideRapideEOLE\/res\/menu-cdeole_scr.png\" alt=\"Menu g\u00e9n\u00e9ral de l'installeur EOLE 2.4\" width=\"630\" height=\"472\" \/><\/div>\n<\/div>\n<\/div>\n<\/div>\n<\/div>\n<\/div>\n<div class=\"infoblock\">\n<div class=\"infoblock_co\">\n<div class=\"text \">\n<p class=\"txt_p \">Cette phase s&rsquo;effectue sans aucune question, elle installe les paquets n\u00e9cessaires, et g\u00e8re la reconnaissance mat\u00e9rielle des \u00e9l\u00e9ments du serveur.<\/p>\n<p class=\"txt_p \">Attention les donn\u00e9es sur le disque dur seront effac\u00e9es.<\/p>\n<div class=\"txt_fig_ex \">\n<div class=\"caption png\">\n<div class=\"caption_co \"><a class=\"imgZoom\" title=\"Cliquez pour agrandir\" href=\"http:\/\/eole.ac-dijon.fr\/documentations\/2.4\/partielles\/HTML\/GuideRapideEOLE\/res\/formatagepartitions.png\" target=\"_self\" rel=\"noopener noreferrer\"><img loading=\"lazy\" decoding=\"async\" src=\"http:\/\/eole.ac-dijon.fr\/documentations\/2.4\/partielles\/HTML\/GuideRapideEOLE\/res\/formatagepartitions_1.png\" alt=\"Formatage des partitions du disque\" width=\"630\" height=\"165\" \/><\/a><\/div>\n<div class=\"caption_ti \">Formatage des partitions du disque<\/div>\n<\/div>\n<\/div>\n<\/div>\n<\/div>\n<\/div>\n<\/div>\n<\/div>\n<div class=\"part \">\n<h3 class=\"part_ti\"><\/h3>\n<h3 class=\"part_ti\">Configuration<\/h3>\n<div class=\"infoblock\">\n<div class=\"infoblock_co\">\n<div class=\"text \">\n<p class=\"txt_p \">Il existe deux modes de configuration\u00a0:<\/p>\n<ul class=\"txt_il \">\n<li class=\"txt_ili \">\n<p class=\"txt_p \"><strong class=\"txt_emphasis_is \">mode autonome<\/strong><\/p>\n<p class=\"txt_p \">Le mode autonome est l&rsquo;utilisation de l&rsquo;interface de configuration du module pour param\u00e9trer le serveur.<\/p>\n<p class=\"txt_p \">\u00c0 son lancement, l&rsquo;interface de configuration du module r\u00e9cup\u00e8re dans les diff\u00e9rents dictionnaires, les variables, leur valeur par d\u00e9faut et les libell\u00e9s qui seront affich\u00e9s dans l&rsquo;interface.<\/p>\n<p class=\"txt_p \">Apr\u00e8s la premi\u00e8re instance, si votre adresse IP est autoris\u00e9e pour l&rsquo;administration du serveur, vous b\u00e9n\u00e9ficier d&rsquo;un acc\u00e8s distant \u00e0 l&rsquo;interface de configuration du module au travers d&rsquo;un navigateur web.<\/p>\n<\/li>\n<li class=\"txt_ili \">\n<p class=\"txt_p \"><strong class=\"txt_emphasis_is \">mode Z\u00e9phir<\/strong><\/p>\n<p class=\"txt_p \">Le mode Z\u00e9phir consiste \u00e0 configurer le module au travers de l&rsquo;application Z\u00e9phir depuis le module du m\u00eame nom. Ce module permet la mise en place d&rsquo;un serveur de gestion de parc de serveurs EOLE. Par le m\u00e9canisme de variante, vous pouvez avoir des configurations pr\u00e9-d\u00e9finies pour un ensemble de serveurs.<\/p>\n<\/li>\n<\/ul>\n<\/div>\n<\/div>\n<\/div>\n<h3 class=\"part_ti\"><\/h3>\n<h3 class=\"part_ti\">Configuration mode autonome.<\/h3>\n<div class=\"part_co \">\n<div class=\"infoblock\">\n<div class=\"infoblock_co\">\n<div class=\"text \">\n<p class=\"txt_p \">Pour configurer le serveur il faut utiliser l&rsquo;interface de configuration du module qui s&rsquo;ex\u00e9cute avec la commande <kbd class=\"txt_cmd_tl \">gen_config<\/kbd>.<\/p>\n<div class=\"txt_fig_ex \">\n<div class=\"caption png\">\n<div class=\"caption_co \"><a class=\"screenZoom\" title=\"Cliquez pour agrandir\" href=\"http:\/\/eole.ac-dijon.fr\/documentations\/2.4\/partielles\/HTML\/GuideRapideEOLE\/res\/genConfigVueGenerale_scr.png\" target=\"_self\" rel=\"noopener noreferrer\"><img loading=\"lazy\" decoding=\"async\" src=\"http:\/\/eole.ac-dijon.fr\/documentations\/2.4\/partielles\/HTML\/GuideRapideEOLE\/res\/genConfigVueGenerale_scr_1.png\" alt=\"\u00c9cran d'accueil de l'interface de configuration du module\" width=\"630\" height=\"384\" \/><\/a><\/div>\n<div class=\"caption_ti \">\u00c9cran d&rsquo;accueil de l&rsquo;interface de configuration du module<\/div>\n<\/div>\n<\/div>\n<\/div>\n<\/div>\n<\/div>\n<div class=\"infoblock\">\n<div class=\"infoblock_co\">\n<div class=\"text \">\n<p class=\"txt_p \">Au premier lancement le mode assistant est propos\u00e9 par d\u00e9faut. Les renseignements minimums permettent d&rsquo;avoir un serveur fonctionnel avec un nombre de services restreints mais tr\u00e8s diff\u00e9rents selon le module (de la fonctionnalit\u00e9) choisi.<\/p>\n<p class=\"txt_p \">Une fois les variables obligatoires saisies il faut enregistrer et quitter l&rsquo;application.<\/p>\n<\/div>\n<\/div>\n<\/div>\n<\/div>\n<\/div>\n<div class=\"part \">\n<h3 class=\"part_ti\">Instanciation<\/h3>\n<div class=\"part_co \">\n<div class=\"infoblock\">\n<div class=\"infoblock_co\">\n<div class=\"text \">\n<p class=\"txt_p \">L&rsquo;instanciation, qui consiste \u00e0 \u00e9crire les fichiers de configuration et \u00e0 lancer les services d&rsquo;apr\u00e8s les valeurs renseign\u00e9es \u00e0 l&rsquo;\u00e9tape pr\u00e9c\u00e9dente, s&rsquo;ex\u00e9cute \u00e0 l&rsquo;aide de la commande <kbd class=\"txt_cmd_tl \">instance<\/kbd>.<\/p>\n<p class=\"txt_p \">Quelques questions permettent de changer les mots de passe ainsi que quelques autres param\u00e8tres sp\u00e9cifiques.<\/p>\n<p class=\"txt_p \">Une mise \u00e0 jour et\/ou un red\u00e9marrage peuvent \u00eatre propos\u00e9s.<\/p>\n<\/div>\n<\/div>\n<\/div>\n<\/div>\n<\/div>\n<div class=\"part \">\n<h3 class=\"part_ti\">Administration<\/h3>\n<div class=\"part_co \">\n<div class=\"infoblock\">\n<div class=\"infoblock_co\">\n<div class=\"text \">\n<p class=\"txt_p \">Selon le module install\u00e9, l&rsquo;administration du serveur peut se faire avec une interface web nomm\u00e9e EAD ou par des outils propres \u00e0 chaque module. Mieux vaut se r\u00e9f\u00e9rer aux documentations sp\u00e9cifiques et regarder quelle application est utilis\u00e9e pour un module donn\u00e9.<\/p>\n<p class=\"txt_p \">Pour utiliser l&rsquo;EAD il faut, dans un navigateur, ouvrir l&rsquo;adresse <a class=\"txt_url_ul \" title=\"https:\/\/&lt;adresse_IP&gt;\u2004:4200 (nouvelle fen\u00eatre)\" href=\"https:\/\/%3Cadresse_IP%3E%E2%80%84:4200\" target=\"_blank\" rel=\"noopener noreferrer\">https:\/\/&lt;adresse_IP&gt;\u00a0:4200<\/a><\/p>\n<div class=\"txt_fig_ex \">\n<div class=\"caption png\">\n<div class=\"caption_co \"><img loading=\"lazy\" decoding=\"async\" src=\"http:\/\/eole.ac-dijon.fr\/documentations\/2.4\/partielles\/HTML\/GuideRapideEOLE\/res\/EAD_Envole_themes_scr.png\" alt=\"Vue du portail avec le th\u00e8me Envole\" width=\"607\" height=\"333\" \/><\/div>\n<div class=\"caption_ti \"><\/div>\n<\/div>\n<\/div>\n<\/div>\n<\/div>\n<\/div>\n<div class=\"tip block block_no_ti\">\n<h4 class=\"tip_ti block_ti\"><\/h4>\n<div class=\"tip_co block_co\">\n<div class=\"text \">\n<p class=\"txt_p \">Ne pas oublier d&rsquo;utiliser le protocole HTTPS pour acc\u00e9der \u00e0 l&rsquo;EAD.<\/p>\n<p class=\"txt_p \">Le compte et le mot de passe demand\u00e9s sont ceux modifi\u00e9s \u00e0 l&rsquo;instance.<\/p>\n<\/div>\n<\/div>\n<\/div>\n<\/div>\n<\/div>\n<\/div>\n<\/div>\n<\/div>\n<\/div>\n<p>Comment sont g\u00e9r\u00e9es les versions et les mises \u00e0 jour :<br \/>\n<a href=\"http:\/\/pcll.ac-dijon.fr\/eole\/wp-content\/uploads\/sites\/4\/2015\/08\/Principes-distribution-Eole.pdf\" target=\"_blank\" rel=\"noopener noreferrer\"> Principes g\u00e9n\u00e9raux de diffusion (PDF)<\/a><\/p>\n","protected":false},"excerpt":{"rendered":"<p>T\u00e9l\u00e9chargement T\u00e9l\u00e9charger l&rsquo;image ISO \u00e0 l&rsquo;adresse\u00a0: http:\/\/eole.ac-dijon.fr\/pub\/iso\/ Choisir le r\u00e9pertoire portant le nom de la version la plus r\u00e9cente (Eole-2.x), une fois dans le r\u00e9pertoire il faut choisir la sous version la plus r\u00e9cente. Il faut t\u00e9l\u00e9charger l&rsquo;image ISO sp\u00e9cifique \u00e0 l&rsquo;architecture de la machine\u00a0: i386 ou amd64 (conseill\u00e9). V\u00e9rification de l&rsquo;int\u00e9grit\u00e9 de l&rsquo;image ISO [&hellip;]<\/p>\n","protected":false},"author":1,"featured_media":0,"parent":0,"menu_order":0,"comment_status":"closed","ping_status":"open","template":"templates\/template-fullwidth.php","meta":{"_acf_changed":false,"footnotes":""},"class_list":["post-44","page","type-page","status-publish","hentry"],"acf":[],"yoast_head":"<!-- This site is optimized with the Yoast SEO plugin v27.1.1 - https:\/\/yoast.com\/product\/yoast-seo-wordpress\/ -->\n<title>Guide rapide - EOLE<\/title>\n<meta name=\"robots\" content=\"index, follow, max-snippet:-1, max-image-preview:large, max-video-preview:-1\" \/>\n<link rel=\"canonical\" href=\"https:\/\/pcll.ac-dijon.fr\/eole\/distribution\/\" \/>\n<meta property=\"og:locale\" content=\"fr_FR\" \/>\n<meta property=\"og:type\" content=\"article\" \/>\n<meta property=\"og:title\" content=\"Guide rapide - EOLE\" \/>\n<meta property=\"og:description\" content=\"T\u00e9l\u00e9chargement T\u00e9l\u00e9charger l&rsquo;image ISO \u00e0 l&rsquo;adresse\u00a0: http:\/\/eole.ac-dijon.fr\/pub\/iso\/ Choisir le r\u00e9pertoire portant le nom de la version la plus r\u00e9cente (Eole-2.x), une fois dans le r\u00e9pertoire il faut choisir la sous version la plus r\u00e9cente. Il faut t\u00e9l\u00e9charger l&rsquo;image ISO sp\u00e9cifique \u00e0 l&rsquo;architecture de la machine\u00a0: i386 ou amd64 (conseill\u00e9). V\u00e9rification de l&rsquo;int\u00e9grit\u00e9 de l&rsquo;image ISO [&hellip;]\" \/>\n<meta property=\"og:url\" content=\"https:\/\/pcll.ac-dijon.fr\/eole\/distribution\/\" \/>\n<meta property=\"og:site_name\" content=\"EOLE\" \/>\n<meta property=\"article:modified_time\" content=\"2021-12-01T12:48:02+00:00\" \/>\n<meta property=\"og:image\" content=\"http:\/\/eole.ac-dijon.fr\/documentations\/2.4\/partielles\/HTML\/GuideRapideEOLE\/res\/0-filrougeExplication_1.png\" \/>\n<meta name=\"twitter:card\" content=\"summary_large_image\" \/>\n<meta name=\"twitter:site\" content=\"@PoleEole\" \/>\n<meta name=\"twitter:label1\" content=\"Dur\u00e9e de lecture estim\u00e9e\" \/>\n\t<meta name=\"twitter:data1\" content=\"4 minutes\" \/>\n<script type=\"application\/ld+json\" class=\"yoast-schema-graph\">{\"@context\":\"https:\/\/schema.org\",\"@graph\":[{\"@type\":\"WebPage\",\"@id\":\"https:\/\/pcll.ac-dijon.fr\/eole\/distribution\/\",\"url\":\"https:\/\/pcll.ac-dijon.fr\/eole\/distribution\/\",\"name\":\"Guide rapide - EOLE\",\"isPartOf\":{\"@id\":\"https:\/\/pcll.ac-dijon.fr\/eole\/#website\"},\"primaryImageOfPage\":{\"@id\":\"https:\/\/pcll.ac-dijon.fr\/eole\/distribution\/#primaryimage\"},\"image\":{\"@id\":\"https:\/\/pcll.ac-dijon.fr\/eole\/distribution\/#primaryimage\"},\"thumbnailUrl\":\"http:\/\/eole.ac-dijon.fr\/documentations\/2.4\/partielles\/HTML\/GuideRapideEOLE\/res\/0-filrougeExplication_1.png\",\"datePublished\":\"2015-04-27T09:49:51+00:00\",\"dateModified\":\"2021-12-01T12:48:02+00:00\",\"breadcrumb\":{\"@id\":\"https:\/\/pcll.ac-dijon.fr\/eole\/distribution\/#breadcrumb\"},\"inLanguage\":\"fr-FR\",\"potentialAction\":[{\"@type\":\"ReadAction\",\"target\":[\"https:\/\/pcll.ac-dijon.fr\/eole\/distribution\/\"]}]},{\"@type\":\"ImageObject\",\"inLanguage\":\"fr-FR\",\"@id\":\"https:\/\/pcll.ac-dijon.fr\/eole\/distribution\/#primaryimage\",\"url\":\"http:\/\/eole.ac-dijon.fr\/documentations\/2.4\/partielles\/HTML\/GuideRapideEOLE\/res\/0-filrougeExplication_1.png\",\"contentUrl\":\"http:\/\/eole.ac-dijon.fr\/documentations\/2.4\/partielles\/HTML\/GuideRapideEOLE\/res\/0-filrougeExplication_1.png\"},{\"@type\":\"BreadcrumbList\",\"@id\":\"https:\/\/pcll.ac-dijon.fr\/eole\/distribution\/#breadcrumb\",\"itemListElement\":[{\"@type\":\"ListItem\",\"position\":1,\"name\":\"Accueil\",\"item\":\"https:\/\/pcll.ac-dijon.fr\/eole\/\"},{\"@type\":\"ListItem\",\"position\":2,\"name\":\"Guide rapide\"}]},{\"@type\":\"WebSite\",\"@id\":\"https:\/\/pcll.ac-dijon.fr\/eole\/#website\",\"url\":\"https:\/\/pcll.ac-dijon.fr\/eole\/\",\"name\":\"EOLE\",\"description\":\"Ensemble Ouvert Libre Evolutif\",\"potentialAction\":[{\"@type\":\"SearchAction\",\"target\":{\"@type\":\"EntryPoint\",\"urlTemplate\":\"https:\/\/pcll.ac-dijon.fr\/eole\/?s={search_term_string}\"},\"query-input\":{\"@type\":\"PropertyValueSpecification\",\"valueRequired\":true,\"valueName\":\"search_term_string\"}}],\"inLanguage\":\"fr-FR\"}]}<\/script>\n<!-- \/ Yoast SEO plugin. -->","yoast_head_json":{"title":"Guide rapide - EOLE","robots":{"index":"index","follow":"follow","max-snippet":"max-snippet:-1","max-image-preview":"max-image-preview:large","max-video-preview":"max-video-preview:-1"},"canonical":"https:\/\/pcll.ac-dijon.fr\/eole\/distribution\/","og_locale":"fr_FR","og_type":"article","og_title":"Guide rapide - EOLE","og_description":"T\u00e9l\u00e9chargement T\u00e9l\u00e9charger l&rsquo;image ISO \u00e0 l&rsquo;adresse\u00a0: http:\/\/eole.ac-dijon.fr\/pub\/iso\/ Choisir le r\u00e9pertoire portant le nom de la version la plus r\u00e9cente (Eole-2.x), une fois dans le r\u00e9pertoire il faut choisir la sous version la plus r\u00e9cente. Il faut t\u00e9l\u00e9charger l&rsquo;image ISO sp\u00e9cifique \u00e0 l&rsquo;architecture de la machine\u00a0: i386 ou amd64 (conseill\u00e9). V\u00e9rification de l&rsquo;int\u00e9grit\u00e9 de l&rsquo;image ISO [&hellip;]","og_url":"https:\/\/pcll.ac-dijon.fr\/eole\/distribution\/","og_site_name":"EOLE","article_modified_time":"2021-12-01T12:48:02+00:00","og_image":[{"url":"http:\/\/eole.ac-dijon.fr\/documentations\/2.4\/partielles\/HTML\/GuideRapideEOLE\/res\/0-filrougeExplication_1.png","type":"","width":"","height":""}],"twitter_card":"summary_large_image","twitter_site":"@PoleEole","twitter_misc":{"Dur\u00e9e de lecture estim\u00e9e":"4 minutes"},"schema":{"@context":"https:\/\/schema.org","@graph":[{"@type":"WebPage","@id":"https:\/\/pcll.ac-dijon.fr\/eole\/distribution\/","url":"https:\/\/pcll.ac-dijon.fr\/eole\/distribution\/","name":"Guide rapide - EOLE","isPartOf":{"@id":"https:\/\/pcll.ac-dijon.fr\/eole\/#website"},"primaryImageOfPage":{"@id":"https:\/\/pcll.ac-dijon.fr\/eole\/distribution\/#primaryimage"},"image":{"@id":"https:\/\/pcll.ac-dijon.fr\/eole\/distribution\/#primaryimage"},"thumbnailUrl":"http:\/\/eole.ac-dijon.fr\/documentations\/2.4\/partielles\/HTML\/GuideRapideEOLE\/res\/0-filrougeExplication_1.png","datePublished":"2015-04-27T09:49:51+00:00","dateModified":"2021-12-01T12:48:02+00:00","breadcrumb":{"@id":"https:\/\/pcll.ac-dijon.fr\/eole\/distribution\/#breadcrumb"},"inLanguage":"fr-FR","potentialAction":[{"@type":"ReadAction","target":["https:\/\/pcll.ac-dijon.fr\/eole\/distribution\/"]}]},{"@type":"ImageObject","inLanguage":"fr-FR","@id":"https:\/\/pcll.ac-dijon.fr\/eole\/distribution\/#primaryimage","url":"http:\/\/eole.ac-dijon.fr\/documentations\/2.4\/partielles\/HTML\/GuideRapideEOLE\/res\/0-filrougeExplication_1.png","contentUrl":"http:\/\/eole.ac-dijon.fr\/documentations\/2.4\/partielles\/HTML\/GuideRapideEOLE\/res\/0-filrougeExplication_1.png"},{"@type":"BreadcrumbList","@id":"https:\/\/pcll.ac-dijon.fr\/eole\/distribution\/#breadcrumb","itemListElement":[{"@type":"ListItem","position":1,"name":"Accueil","item":"https:\/\/pcll.ac-dijon.fr\/eole\/"},{"@type":"ListItem","position":2,"name":"Guide rapide"}]},{"@type":"WebSite","@id":"https:\/\/pcll.ac-dijon.fr\/eole\/#website","url":"https:\/\/pcll.ac-dijon.fr\/eole\/","name":"EOLE","description":"Ensemble Ouvert Libre Evolutif","potentialAction":[{"@type":"SearchAction","target":{"@type":"EntryPoint","urlTemplate":"https:\/\/pcll.ac-dijon.fr\/eole\/?s={search_term_string}"},"query-input":{"@type":"PropertyValueSpecification","valueRequired":true,"valueName":"search_term_string"}}],"inLanguage":"fr-FR"}]}},"_links":{"self":[{"href":"https:\/\/pcll.ac-dijon.fr\/eole\/wp-json\/wp\/v2\/pages\/44","targetHints":{"allow":["GET"]}}],"collection":[{"href":"https:\/\/pcll.ac-dijon.fr\/eole\/wp-json\/wp\/v2\/pages"}],"about":[{"href":"https:\/\/pcll.ac-dijon.fr\/eole\/wp-json\/wp\/v2\/types\/page"}],"author":[{"embeddable":true,"href":"https:\/\/pcll.ac-dijon.fr\/eole\/wp-json\/wp\/v2\/users\/1"}],"replies":[{"embeddable":true,"href":"https:\/\/pcll.ac-dijon.fr\/eole\/wp-json\/wp\/v2\/comments?post=44"}],"version-history":[{"count":19,"href":"https:\/\/pcll.ac-dijon.fr\/eole\/wp-json\/wp\/v2\/pages\/44\/revisions"}],"predecessor-version":[{"id":3889,"href":"https:\/\/pcll.ac-dijon.fr\/eole\/wp-json\/wp\/v2\/pages\/44\/revisions\/3889"}],"wp:attachment":[{"href":"https:\/\/pcll.ac-dijon.fr\/eole\/wp-json\/wp\/v2\/media?parent=44"}],"curies":[{"name":"wp","href":"https:\/\/api.w.org\/{rel}","templated":true}]}}