{"id":249,"date":"2015-05-04T08:14:43","date_gmt":"2015-05-04T08:14:43","guid":{"rendered":"http:\/\/localhost\/wordpress\/?page_id=249"},"modified":"2015-12-03T14:11:12","modified_gmt":"2015-12-03T13:11:12","slug":"communaute","status":"publish","type":"page","link":"https:\/\/pcll.ac-dijon.fr\/eole\/communaute\/","title":{"rendered":"Communaut\u00e9"},"content":{"rendered":"<h2>D\u00e9finition<\/h2>\n<p>Le terme de communaut\u00e9 est d&rsquo;un emploi g\u00e9n\u00e9ralis\u00e9 dans le monde du logiciel libre pour d\u00e9signer l&rsquo;ensemble des parties prenantes au d\u00e9veloppement et \u00e0 l&rsquo;utilisation d&rsquo;une base de code. La communaut\u00e9 est constitu\u00e9e de personnes allant des d\u00e9veloppeurs principaux qui maintiennent la base de code et prennent les d\u00e9cisions techniques importantes aux simples utilisateurs, en passant par les contributeurs, qui peuvent aider \u00e0 l&rsquo;effort collectif en d\u00e9tectant des dysfonctionnement, proposant des correctifs ou aidant \u00e0 des t\u00e2ches telles que la documentation.<\/p>\n<h2>Notre communaut\u00e9<\/h2>\n<h4>\u00a0\u00a0Les principaux d\u00e9veloppeurs<\/h4>\n<p>L&rsquo;\u00e9quipe EOLE (environ 13 personnes) travaille conjointement avec l&rsquo;\u00e9quipe du MEDDE et sont les d\u00e9veloppeurs principaux des produits EOLE.<br \/>\nDans chaque \u00e9quipe il existe un responsable (scrum master) qui est le garant du fonctionnement de la m\u00e9thode agile (SCRUM) mise en place par l&rsquo;\u00e9quipe. Le travail est organis\u00e9 et planifi\u00e9 entre les \u00e9quipes, les responsables et le propri\u00e9taire du produit (Product Owner) sous forme de course (sprint) sur une p\u00e9riode donn\u00e9e.<br \/>\n\u00c0 ces deux \u00e9quipes il faut ajouter de nombreux d\u00e9veloppeurs\/utilisateurs qui proposent et maintiennent un ou plusieurs projets int\u00e9gr\u00e9s dans EOLE et diffus\u00e9 par l&rsquo;\u00e9quipe EOLE.<\/p>\n<h4>\u00a0\u00a0Les utilisateurs et contributeurs<\/h4>\n<p>La communaut\u00e9 est \u00e9galement compos\u00e9e de tous les utilisateurs d&rsquo;EOLE qui participent activement sur les listes de discussion pour aider les autres, font des tests et des remonter de dysfonctionnement, font des demandes d&rsquo;am\u00e9liorations, font des propositions d&rsquo;\u00e9volutions et proposent des correctifs. Ils peuvent \u00eatre en acad\u00e9mie, en \u00e9tablissement publics ou priv\u00e9s, dans des \u00e9coles fran\u00e7aises et dans bien d&rsquo;autres structures.<\/p>\n<p><strong>Pour saisir une demande d&rsquo;\u00e9volution ou signaler un bug, vous devez \u00eatre authentifi\u00e9. (Utilisez votre compte d&rsquo;abonnement aux listes ou <a class=\"external\" href=\"http:\/\/eole.orion.education.fr\/inscription\">inscrivez vous<\/a>)<\/strong><\/p>\n<p>Site de signalement : <a href=\"https:\/\/dev-eole.ac-dijon.fr\/projects\/modules-eole\/issues\/new\">https:\/\/dev-eole.ac-dijon.fr\/projects\/modules-eole\/issues\/new<\/a><\/p>\n<p>Remplissez les champs :<\/p>\n<ul>\n<li>Tracker = demande (automatique)<\/li>\n<li>Sujet<\/li>\n<li>Description<br \/>\n<em>Vous pouvez \u00e9galement joindre des fichiers (rapport, logs, ou copie d&rsquo;\u00e9cran).<\/em><\/li>\n<\/ul>\n<p>Lorsque vous renseignez un signalement, veillez \u00e0 suivre ces quelques recommandations :<\/p>\n<ul>\n<li>Soyez clairs &#8211; donnez des explications claires de fa\u00e7on \u00e0 ce que d&rsquo;autres puissent reproduire le bug.<\/li>\n<li>S\u00e9parez clairement les faits des suppositions.<\/li>\n<li>Un seul signalement par rapport.<\/li>\n<li>Si vous avez des informations susceptibles d&rsquo;aider \u00e0 r\u00e9soudre le probl\u00e8me ou la solution, n&rsquo;h\u00e9sitez pas \u00e0 les joindre.<\/li>\n<\/ul>\n","protected":false},"excerpt":{"rendered":"<p>D\u00e9finition Le terme de communaut\u00e9 est d&rsquo;un emploi g\u00e9n\u00e9ralis\u00e9 dans le monde du logiciel libre pour d\u00e9signer l&rsquo;ensemble des parties prenantes au d\u00e9veloppement et \u00e0 l&rsquo;utilisation d&rsquo;une base de code. La communaut\u00e9 est constitu\u00e9e de personnes allant des d\u00e9veloppeurs principaux qui maintiennent la base de code et prennent les d\u00e9cisions techniques importantes aux simples utilisateurs, [&hellip;]<\/p>\n","protected":false},"author":1,"featured_media":0,"parent":0,"menu_order":0,"comment_status":"closed","ping_status":"open","template":"templates\/template-fullwidth.php","meta":{"_acf_changed":false,"footnotes":""},"class_list":["post-249","page","type-page","status-publish","hentry"],"acf":[],"yoast_head":"<!-- This site is optimized with the Yoast SEO plugin v27.1.1 - https:\/\/yoast.com\/product\/yoast-seo-wordpress\/ -->\n<title>Communaut\u00e9 - EOLE<\/title>\n<meta name=\"robots\" content=\"index, follow, max-snippet:-1, max-image-preview:large, max-video-preview:-1\" \/>\n<link rel=\"canonical\" href=\"https:\/\/pcll.ac-dijon.fr\/eole\/communaute\/\" \/>\n<meta property=\"og:locale\" content=\"fr_FR\" \/>\n<meta property=\"og:type\" content=\"article\" \/>\n<meta property=\"og:title\" content=\"Communaut\u00e9 - EOLE\" \/>\n<meta property=\"og:description\" content=\"D\u00e9finition Le terme de communaut\u00e9 est d&rsquo;un emploi g\u00e9n\u00e9ralis\u00e9 dans le monde du logiciel libre pour d\u00e9signer l&rsquo;ensemble des parties prenantes au d\u00e9veloppement et \u00e0 l&rsquo;utilisation d&rsquo;une base de code. La communaut\u00e9 est constitu\u00e9e de personnes allant des d\u00e9veloppeurs principaux qui maintiennent la base de code et prennent les d\u00e9cisions techniques importantes aux simples utilisateurs, [&hellip;]\" \/>\n<meta property=\"og:url\" content=\"https:\/\/pcll.ac-dijon.fr\/eole\/communaute\/\" \/>\n<meta property=\"og:site_name\" content=\"EOLE\" \/>\n<meta property=\"article:modified_time\" content=\"2015-12-03T13:11:12+00:00\" \/>\n<meta name=\"twitter:card\" content=\"summary_large_image\" \/>\n<meta name=\"twitter:site\" content=\"@PoleEole\" \/>\n<meta name=\"twitter:label1\" content=\"Dur\u00e9e de lecture estim\u00e9e\" \/>\n\t<meta name=\"twitter:data1\" content=\"2 minutes\" \/>\n<script type=\"application\/ld+json\" class=\"yoast-schema-graph\">{\"@context\":\"https:\/\/schema.org\",\"@graph\":[{\"@type\":\"WebPage\",\"@id\":\"https:\/\/pcll.ac-dijon.fr\/eole\/communaute\/\",\"url\":\"https:\/\/pcll.ac-dijon.fr\/eole\/communaute\/\",\"name\":\"Communaut\u00e9 - EOLE\",\"isPartOf\":{\"@id\":\"https:\/\/pcll.ac-dijon.fr\/eole\/#website\"},\"datePublished\":\"2015-05-04T08:14:43+00:00\",\"dateModified\":\"2015-12-03T13:11:12+00:00\",\"breadcrumb\":{\"@id\":\"https:\/\/pcll.ac-dijon.fr\/eole\/communaute\/#breadcrumb\"},\"inLanguage\":\"fr-FR\",\"potentialAction\":[{\"@type\":\"ReadAction\",\"target\":[\"https:\/\/pcll.ac-dijon.fr\/eole\/communaute\/\"]}]},{\"@type\":\"BreadcrumbList\",\"@id\":\"https:\/\/pcll.ac-dijon.fr\/eole\/communaute\/#breadcrumb\",\"itemListElement\":[{\"@type\":\"ListItem\",\"position\":1,\"name\":\"Accueil\",\"item\":\"https:\/\/pcll.ac-dijon.fr\/eole\/\"},{\"@type\":\"ListItem\",\"position\":2,\"name\":\"Communaut\u00e9\"}]},{\"@type\":\"WebSite\",\"@id\":\"https:\/\/pcll.ac-dijon.fr\/eole\/#website\",\"url\":\"https:\/\/pcll.ac-dijon.fr\/eole\/\",\"name\":\"EOLE\",\"description\":\"Ensemble Ouvert Libre Evolutif\",\"potentialAction\":[{\"@type\":\"SearchAction\",\"target\":{\"@type\":\"EntryPoint\",\"urlTemplate\":\"https:\/\/pcll.ac-dijon.fr\/eole\/?s={search_term_string}\"},\"query-input\":{\"@type\":\"PropertyValueSpecification\",\"valueRequired\":true,\"valueName\":\"search_term_string\"}}],\"inLanguage\":\"fr-FR\"}]}<\/script>\n<!-- \/ Yoast SEO plugin. -->","yoast_head_json":{"title":"Communaut\u00e9 - EOLE","robots":{"index":"index","follow":"follow","max-snippet":"max-snippet:-1","max-image-preview":"max-image-preview:large","max-video-preview":"max-video-preview:-1"},"canonical":"https:\/\/pcll.ac-dijon.fr\/eole\/communaute\/","og_locale":"fr_FR","og_type":"article","og_title":"Communaut\u00e9 - EOLE","og_description":"D\u00e9finition Le terme de communaut\u00e9 est d&rsquo;un emploi g\u00e9n\u00e9ralis\u00e9 dans le monde du logiciel libre pour d\u00e9signer l&rsquo;ensemble des parties prenantes au d\u00e9veloppement et \u00e0 l&rsquo;utilisation d&rsquo;une base de code. La communaut\u00e9 est constitu\u00e9e de personnes allant des d\u00e9veloppeurs principaux qui maintiennent la base de code et prennent les d\u00e9cisions techniques importantes aux simples utilisateurs, [&hellip;]","og_url":"https:\/\/pcll.ac-dijon.fr\/eole\/communaute\/","og_site_name":"EOLE","article_modified_time":"2015-12-03T13:11:12+00:00","twitter_card":"summary_large_image","twitter_site":"@PoleEole","twitter_misc":{"Dur\u00e9e de lecture estim\u00e9e":"2 minutes"},"schema":{"@context":"https:\/\/schema.org","@graph":[{"@type":"WebPage","@id":"https:\/\/pcll.ac-dijon.fr\/eole\/communaute\/","url":"https:\/\/pcll.ac-dijon.fr\/eole\/communaute\/","name":"Communaut\u00e9 - EOLE","isPartOf":{"@id":"https:\/\/pcll.ac-dijon.fr\/eole\/#website"},"datePublished":"2015-05-04T08:14:43+00:00","dateModified":"2015-12-03T13:11:12+00:00","breadcrumb":{"@id":"https:\/\/pcll.ac-dijon.fr\/eole\/communaute\/#breadcrumb"},"inLanguage":"fr-FR","potentialAction":[{"@type":"ReadAction","target":["https:\/\/pcll.ac-dijon.fr\/eole\/communaute\/"]}]},{"@type":"BreadcrumbList","@id":"https:\/\/pcll.ac-dijon.fr\/eole\/communaute\/#breadcrumb","itemListElement":[{"@type":"ListItem","position":1,"name":"Accueil","item":"https:\/\/pcll.ac-dijon.fr\/eole\/"},{"@type":"ListItem","position":2,"name":"Communaut\u00e9"}]},{"@type":"WebSite","@id":"https:\/\/pcll.ac-dijon.fr\/eole\/#website","url":"https:\/\/pcll.ac-dijon.fr\/eole\/","name":"EOLE","description":"Ensemble Ouvert Libre Evolutif","potentialAction":[{"@type":"SearchAction","target":{"@type":"EntryPoint","urlTemplate":"https:\/\/pcll.ac-dijon.fr\/eole\/?s={search_term_string}"},"query-input":{"@type":"PropertyValueSpecification","valueRequired":true,"valueName":"search_term_string"}}],"inLanguage":"fr-FR"}]}},"_links":{"self":[{"href":"https:\/\/pcll.ac-dijon.fr\/eole\/wp-json\/wp\/v2\/pages\/249","targetHints":{"allow":["GET"]}}],"collection":[{"href":"https:\/\/pcll.ac-dijon.fr\/eole\/wp-json\/wp\/v2\/pages"}],"about":[{"href":"https:\/\/pcll.ac-dijon.fr\/eole\/wp-json\/wp\/v2\/types\/page"}],"author":[{"embeddable":true,"href":"https:\/\/pcll.ac-dijon.fr\/eole\/wp-json\/wp\/v2\/users\/1"}],"replies":[{"embeddable":true,"href":"https:\/\/pcll.ac-dijon.fr\/eole\/wp-json\/wp\/v2\/comments?post=249"}],"version-history":[{"count":3,"href":"https:\/\/pcll.ac-dijon.fr\/eole\/wp-json\/wp\/v2\/pages\/249\/revisions"}],"predecessor-version":[{"id":1040,"href":"https:\/\/pcll.ac-dijon.fr\/eole\/wp-json\/wp\/v2\/pages\/249\/revisions\/1040"}],"wp:attachment":[{"href":"https:\/\/pcll.ac-dijon.fr\/eole\/wp-json\/wp\/v2\/media?parent=249"}],"curies":[{"name":"wp","href":"https:\/\/api.w.org\/{rel}","templated":true}]}}